{"id":34,"date":"2013-05-04T07:41:50","date_gmt":"2013-05-04T07:41:50","guid":{"rendered":"http:\/\/neurobrain.es\/?page_id=34"},"modified":"2013-11-04T22:57:30","modified_gmt":"2013-11-04T22:57:30","slug":"que-es-neurobrain-2-0","status":"publish","type":"page","link":"http:\/\/neurobrain.es\/?page_id=34","title":{"rendered":"QU\u00c9 ES NEUROBRAIN 2.0"},"content":{"rendered":"<p><em>NEUROBRAIN 2.0<\/em>\u00a0es un programa de entrenamiento cognitivo orientado a la prevenci\u00f3n y \u00a0tratamiento del envejecimiento cerebral, dise\u00f1ado en un entorno m\u00e9dico, por un equipo pluridisciplinar liderado por el Dr. Vi\u00f1uela, m\u00e9dico especialista en Neurolog\u00eda, experto internacional en el campo de la Neurolog\u00eda cognitiva y de la conducta.<\/p>\n<p><em>NEUROBRAIN<\/em>\u00a0 2.0 ha sido dise\u00f1ado fundament\u00e1ndose en el an\u00e1lisis de las \u00faltimas \u00a0evidencias cient\u00edficas del uso de intervenciones cognitivas en el tratamiento del deterioro cognitivo leve, realizando una adaptaci\u00f3n de estas evidencias a un entorno interactivo \u00a0que permite PRECISI\u00d3N en la terapia, en un contexto de SUPERVISI\u00d3N cl\u00ednica continuada, permitiendo la confecci\u00f3n de un dise\u00f1o de tratamiento adaptado a cada paciente con un alto grado de PERSONALIZACI\u00d3N.<\/p>\n<p>La <a href=\"http:\/\/clinicadememoria.es\/\">Cl\u00ednica de Memoria<\/a> es una red de centros asociados por todo el pa\u00eds.<\/p>\n<p style=\"text-align: center;\"><a href=\"http:\/\/clinicadememoria.es\"><img loading=\"lazy\" decoding=\"async\" class=\"aligncenter  wp-image-106\" alt=\"Cl\u00ednica de Memoria\" src=\"http:\/\/neurobrain.es\/wp-content\/uploads\/2013\/05\/ClC3ADnica+de+Memoria.png\" width=\"596\" height=\"124\" srcset=\"http:\/\/neurobrain.es\/wp-content\/uploads\/2013\/05\/ClC3ADnica+de+Memoria.png 596w, http:\/\/neurobrain.es\/wp-content\/uploads\/2013\/05\/ClC3ADnica+de+Memoria-300x62.png 300w\" sizes=\"auto, (max-width: 596px) 100vw, 596px\" \/><\/a><\/p>\n","protected":false},"excerpt":{"rendered":"<p>NEUROBRAIN 2.0\u00a0es un programa de entrenamiento cognitivo orientado a la prevenci\u00f3n y \u00a0tratamiento del envejecimiento cerebral, dise\u00f1ado en un entorno m\u00e9dico, por un equipo pluridisciplinar liderado por el Dr. Vi\u00f1uela, m\u00e9dico especialista en Neurolog\u00eda, experto internacional en el campo de la Neurolog\u00eda cognitiva y de la conducta. NEUROBRAIN\u00a0 2.0 ha sido dise\u00f1ado fundament\u00e1ndose en el [&hellip;]<\/p>\n","protected":false},"author":1,"featured_media":0,"parent":0,"menu_order":0,"comment_status":"closed","ping_status":"open","template":"","meta":{"footnotes":""},"class_list":["post-34","page","type-page","status-publish","hentry"],"_links":{"self":[{"href":"http:\/\/neurobrain.es\/index.php?rest_route=\/wp\/v2\/pages\/34","targetHints":{"allow":["GET"]}}],"collection":[{"href":"http:\/\/neurobrain.es\/index.php?rest_route=\/wp\/v2\/pages"}],"about":[{"href":"http:\/\/neurobrain.es\/index.php?rest_route=\/wp\/v2\/types\/page"}],"author":[{"embeddable":true,"href":"http:\/\/neurobrain.es\/index.php?rest_route=\/wp\/v2\/users\/1"}],"replies":[{"embeddable":true,"href":"http:\/\/neurobrain.es\/index.php?rest_route=%2Fwp%2Fv2%2Fcomments&post=34"}],"version-history":[{"count":19,"href":"http:\/\/neurobrain.es\/index.php?rest_route=\/wp\/v2\/pages\/34\/revisions"}],"predecessor-version":[{"id":107,"href":"http:\/\/neurobrain.es\/index.php?rest_route=\/wp\/v2\/pages\/34\/revisions\/107"}],"wp:attachment":[{"href":"http:\/\/neurobrain.es\/index.php?rest_route=%2Fwp%2Fv2%2Fmedia&parent=34"}],"curies":[{"name":"wp","href":"https:\/\/api.w.org\/{rel}","templated":true}]}}